{"id":1361,"date":"2024-09-18T10:07:48","date_gmt":"2024-09-18T08:07:48","guid":{"rendered":"https:\/\/www.lesalouettes.com\/animations\/"},"modified":"2026-03-05T16:26:26","modified_gmt":"2026-03-05T15:26:26","slug":"entertainment","status":"publish","type":"page","link":"https:\/\/www.lesalouettes.com\/en\/entertainment\/","title":{"rendered":"Entertainment"},"content":{"rendered":"<div class=\"diaporama-header align-full\"><div class=\"gallery\"><figure class=\"gallery__item\"><picture><source srcset=\"https:\/\/www.lesalouettes.com\/wp-content\/uploads\/2024\/10\/alouettes-IMG_1690-420x420.jpg.webp\" media=\"(max-width: 210px)\"><source srcset=\"https:\/\/www.lesalouettes.com\/wp-content\/uploads\/2024\/10\/alouettes-IMG_1690-850x567.jpg.webp\" media=\"(max-width: 420px)\"><source srcset=\"https:\/\/www.lesalouettes.com\/wp-content\/uploads\/2024\/10\/alouettes-IMG_1690-768x512.jpg.webp\" media=\"(max-width: 850px)\"><source srcset=\"https:\/\/www.lesalouettes.com\/wp-content\/uploads\/2024\/10\/alouettes-IMG_1690-1024x683.jpg.webp\" media=\"(max-width: 1024px)\"><source srcset=\"https:\/\/www.lesalouettes.com\/wp-content\/uploads\/2024\/10\/alouettes-IMG_1690.jpg.webp\" media=\"(min-width: 1025px)\"><img loading=\"lazy\" decoding=\"async\" src=\"https:\/\/www.lesalouettes.com\/wp-content\/uploads\/2024\/10\/alouettes-IMG_1690-420x420.jpg.webp\" width=\"420\" height=\"210\" alt=\"\" title=\"\"><\/picture><\/figure><\/div><div class=\"diaporama-header__inner\"><p class=\"h1\"   >Activities for everyone<\/p><\/div><\/div>\n\n<h1 style=\"text-align: center;color: var(--bleu);\">Leisure activities and entertainment <span class=\"fc-span\">at the Bretignolles sur Mer campsite<\/span><\/h1>\n\n<h2 class=\"p\" style=\"text-align: center;color: var(--violet);\">Activities at our 4-star campsite in Vend\u00e9e<\/h2>\n\n<p  style=\"text-align: center;\"  >Between<strong> Les Sables d&#8217;Olonne and Saint Gilles Croix de Vie<\/strong>, our <strong>4-star campsite<\/strong> in the <strong>Vend\u00e9e, at Br\u00e9tignolles sur mer,<\/strong> has everything to seduce you.<\/p>\n\n<div class=\"lireplus fc-mob\"><p  style=\"text-align: center;\"  >Read more  <span class=\"fc-icon\"><svg xmlns=\"http:\/\/www.w3.org\/2000\/svg\"  viewBox=\"0 0 320 512\" width=\"16px\" height=\"16px\"><!--! Font Awesome Pro 6.4.2 by @fontawesome - https:\/\/fontawesome.com License - https:\/\/fontawesome.com\/license (Commercial License) Copyright 2023 Fonticons, Inc.--><path d=\"M137.4 374.6c12.5 12.5 32.8 12.5 45.3 0l128-128c9.2-9.2 11.9-22.9 6.9-34.9s-16.6-19.8-29.6-19.8L32 192c-12.9 0-24.6 7.8-29.6 19.8s-2.2 25.7 6.9 34.9l128 128z\"\/><\/svg><\/span><\/p><div class=\"group\"><p  style=\"text-align: center;\" id=\"73\" >The <a href=\"https:\/\/www.lesalouettes.com\/en\/\" data-type=\"page\" data-id=\"73\">4-star<\/a><strong> Les Alouettes<\/strong> <a href=\"https:\/\/www.lesalouettes.com\/en\/\" data-type=\"page\" data-id=\"73\">campsite in Br\u00e9tignolles sur Mer<\/a> offers a wide range of <strong>activities for young and old alike<\/strong> in July and August.<br>In addition to our <a href=\"https:\/\/www.lesalouettes.com\/en\/water-park\/\" data-type=\"page\" data-id=\"242\">water park<\/a> with heated swimming pool and outdoor pool with slide, our family campsite offers a wide range of activities for young and old alike. <a href=\"https:\/\/www.lesalouettes.com\/en\/mobile-home\/\" data-type=\"page\" data-id=\"247\">Stay in mobile homes<\/a> or bungalows and enjoy 4-star services, our <a href=\"https:\/\/www.lesalouettes.com\/en\/services\/\" data-type=\"page\" data-id=\"251\">restaurant <\/a>and numerous family activities.<\/p><\/div><\/div>\n\n<div class=\"buttons display-flex \" style=\"justify-content:center;\"><a href=\"https:\/\/greentactile.fr\/\" rel=\"noreferrer noopener\" target=\"_blank\" class=\"buttons__btn\">Visit the GreenTactile website  <span class=\"fc-icon\"><svg xmlns=\"http:\/\/www.w3.org\/2000\/svg\"  viewBox=\"0 0 512 512\" width=\"16px\" height=\"16px\"><!--! Font Awesome Pro 6.4.2 by @fontawesome - https:\/\/fontawesome.com License - https:\/\/fontawesome.com\/license (Commercial License) Copyright 2023 Fonticons, Inc.--><path d=\"M304 24c0 13.3 10.7 24 24 24H430.1L207 271c-9.4 9.4-9.4 24.6 0 33.9s24.6 9.4 33.9 0l223-223V184c0 13.3 10.7 24 24 24s24-10.7 24-24V24c0-13.3-10.7-24-24-24H328c-13.3 0-24 10.7-24 24zM72 32C32.2 32 0 64.2 0 104V440c0 39.8 32.2 72 72 72H408c39.8 0 72-32.2 72-72V312c0-13.3-10.7-24-24-24s-24 10.7-24 24V440c0 13.3-10.7 24-24 24H72c-13.3 0-24-10.7-24-24V104c0-13.3 10.7-24 24-24H200c13.3 0 24-10.7 24-24s-10.7-24-24-24H72z\"\/><\/svg><\/span><\/a><\/div>\n\n<div id=\"scrollRightUn\" class=\"gallery moveRight align-full horizontal fc-diapo-mob\"><figure class=\"gallery__item\"><picture><source srcset=\"https:\/\/www.lesalouettes.com\/wp-content\/uploads\/2025\/04\/IMG_6659-420x420.webp\" media=\"(max-width: 210px)\"><source srcset=\"https:\/\/www.lesalouettes.com\/wp-content\/uploads\/2025\/04\/IMG_6659-850x638.webp\" media=\"(max-width: 420px)\"><source srcset=\"https:\/\/www.lesalouettes.com\/wp-content\/uploads\/2025\/04\/IMG_6659-768x576.webp\" media=\"(max-width: 850px)\"><source srcset=\"https:\/\/www.lesalouettes.com\/wp-content\/uploads\/2025\/04\/IMG_6659-1024x768.webp\" media=\"(max-width: 1024px)\"><source srcset=\"https:\/\/www.lesalouettes.com\/wp-content\/uploads\/2025\/04\/IMG_6659.webp\" media=\"(min-width: 1025px)\"><img decoding=\"async\" src=\"https:\/\/www.lesalouettes.com\/wp-content\/uploads\/2025\/04\/IMG_6659-420x420.webp\" width=\"420\" height=\"210\" loading=\"lazy\" alt=\"\" title=\"\"><\/picture><\/figure><figure class=\"gallery__item\"><picture><source srcset=\"https:\/\/www.lesalouettes.com\/wp-content\/uploads\/2025\/04\/IMG_6662-420x420.webp\" media=\"(max-width: 210px)\"><source srcset=\"https:\/\/www.lesalouettes.com\/wp-content\/uploads\/2025\/04\/IMG_6662-850x638.webp\" media=\"(max-width: 420px)\"><source srcset=\"https:\/\/www.lesalouettes.com\/wp-content\/uploads\/2025\/04\/IMG_6662-768x576.webp\" media=\"(max-width: 850px)\"><source srcset=\"https:\/\/www.lesalouettes.com\/wp-content\/uploads\/2025\/04\/IMG_6662-1024x768.webp\" media=\"(max-width: 1024px)\"><source srcset=\"https:\/\/www.lesalouettes.com\/wp-content\/uploads\/2025\/04\/IMG_6662.webp\" media=\"(min-width: 1025px)\"><img decoding=\"async\" src=\"https:\/\/www.lesalouettes.com\/wp-content\/uploads\/2025\/04\/IMG_6662-420x420.webp\" width=\"420\" height=\"210\" loading=\"lazy\" alt=\"\" title=\"\"><\/picture><\/figure><figure class=\"gallery__item\"><picture><source srcset=\"https:\/\/www.lesalouettes.com\/wp-content\/uploads\/2025\/04\/IMG_6675-420x420.webp\" media=\"(max-width: 210px)\"><source srcset=\"https:\/\/www.lesalouettes.com\/wp-content\/uploads\/2025\/04\/IMG_6675-850x638.webp\" media=\"(max-width: 420px)\"><source srcset=\"https:\/\/www.lesalouettes.com\/wp-content\/uploads\/2025\/04\/IMG_6675-768x576.webp\" media=\"(max-width: 850px)\"><source srcset=\"https:\/\/www.lesalouettes.com\/wp-content\/uploads\/2025\/04\/IMG_6675-1024x768.webp\" media=\"(max-width: 1024px)\"><source srcset=\"https:\/\/www.lesalouettes.com\/wp-content\/uploads\/2025\/04\/IMG_6675.webp\" media=\"(min-width: 1025px)\"><img decoding=\"async\" src=\"https:\/\/www.lesalouettes.com\/wp-content\/uploads\/2025\/04\/IMG_6675-420x420.webp\" width=\"420\" height=\"210\" loading=\"lazy\" alt=\"\" title=\"\"><\/picture><\/figure><\/div>\n\n<div class=\"columns\"><div class=\"columns__item\"><h3 class=\"h4\" style=\"color: var(--bleu);\">Children&#8217;s mini-club<\/h3><p    >The<strong> mini-club or kids&#8217; club<\/strong> for children aged 5 to 12 is open Monday to Friday, from July 04 to August 29, 2021, from 10am to 12pm. Children will let their imaginations run wild as they draw, craft or cook; they can take part in treasure hunts, or prepare a show&#8230; <\/p><p    ><strong>A great place to make new friends!<\/strong><\/p><p    ><em>Free mini-club or kids&#8217; club, on registration at the <\/em><strong><em>welcome drink<\/em><\/strong><em> on Sundays at 7:00 pm, with our entertainment team.<\/em><\/p><\/div><div class=\"columns__item\"><h3 class=\"h4\" style=\"color: var(--bleu);\">Games room<\/h3><p    >Near the bar-restaurant, your campsite in the Vend\u00e9e offers a games room with a variety of games. All day long, you can have a great time with friends or family in our <strong>games room<\/strong>. Here you&#8217;ll find  <\/p><ul><li>airhockey,<\/li><li>table soccer, pool table, pinball machine,<\/li><li>a car game,<\/li><li>several surprise ball and chewing-gum machines.<\/li><\/ul><\/div><\/div>\n\n<div class=\"cover align-full\"><span style=\"filter: opacity(50%); background-color:var(--#a5acb1);\"><\/span><picture class=\"cover__img\"><source srcset=\"https:\/\/www.lesalouettes.com\/wp-content\/uploads\/2024\/10\/IMG_2171-420x420.jpg.webp\" media=\"(max-width: 210px)\"><source srcset=\"https:\/\/www.lesalouettes.com\/wp-content\/uploads\/2024\/10\/IMG_2171-850x567.jpg.webp\" media=\"(max-width: 420px)\"><source srcset=\"https:\/\/www.lesalouettes.com\/wp-content\/uploads\/2024\/10\/IMG_2171-768x512.jpg.webp\" media=\"(max-width: 850px)\"><source srcset=\"https:\/\/www.lesalouettes.com\/wp-content\/uploads\/2024\/10\/IMG_2171-1024x683.jpg.webp\" media=\"(max-width: 1024px)\"><source srcset=\"https:\/\/www.lesalouettes.com\/wp-content\/uploads\/2024\/10\/IMG_2171-scaled.jpg.webp\" media=\"(min-width: 1536px)\"><img decoding=\"async\" src=\"https:\/\/www.lesalouettes.com\/wp-content\/uploads\/2024\/10\/IMG_2171-420x420.jpg.webp\" width=\"420\" height=\"210\" loading=\"lazy\" alt=\"\" title=\"\"><\/picture><div class=\"cover__inner\"><p  style=\"text-align: center;\"  ><\/p><\/div><\/div>\n\n<h3 class=\"h2\" style=\"text-align: center;color: var(--bleu);\">Playgrounds <span class=\"fc-span\">&amp; infrastructures<\/span><\/h3>\n\n<ul><li>a<strong> mini soccer pitch<\/strong><\/li><li>a <strong>beach volleyball<\/strong> court<\/li><li>two <strong>ping-pong tables<\/strong><\/li><li>two <strong>p\u00e9tanque courts<\/strong>: in high season, a tournament is held at the beginning of each week.<\/li><li>a bird&#8217;s nest <strong>swing<\/strong>, for swinging alone or with others, in optimum safety.<\/li><li>a <strong>toboggan<\/strong> to delight the little ones<\/li><li>body-boomers: <strong>outdoor fitness equipment<\/strong> lets you slim down in the fresh air. The swing, adapted for people with reduced mobility (PMR), muscles your upper body. <\/li><li><strong>a giant trampoline<\/strong><\/li><li>A <strong>billodrome<\/strong> for calm, strategic play is also located on this playground: a reminder of the 70s and 80s!<\/li><\/ul>\n\n<p  style=\"text-align: center;\"  >In Br\u00e9tignolles-sur-Mer, Camping Les Alouettes does its utmost to meet the needs of a wide range of holidaymakers.<\/p>\n\n<div class=\"gallery align-full horizontal fc-slider fc-slider-a col-7 fc-diapo-mob\"><figure class=\"gallery__item\"><picture><source srcset=\"https:\/\/www.lesalouettes.com\/wp-content\/uploads\/2024\/09\/AdobeStock_15833454-420x420.jpg.webp\" media=\"(max-width: 210px)\"><source srcset=\"https:\/\/www.lesalouettes.com\/wp-content\/uploads\/2024\/09\/AdobeStock_15833454-850x558.jpg.webp\" media=\"(max-width: 420px)\"><source srcset=\"https:\/\/www.lesalouettes.com\/wp-content\/uploads\/2024\/09\/AdobeStock_15833454-768x504.jpg.webp\" media=\"(max-width: 850px)\"><source srcset=\"https:\/\/www.lesalouettes.com\/wp-content\/uploads\/2024\/09\/AdobeStock_15833454.jpg.webp\" media=\"(max-width: 1024px)\"><source srcset=\"https:\/\/www.lesalouettes.com\/wp-content\/uploads\/2024\/09\/AdobeStock_15833454.jpg.webp\" media=\"(min-width: 1025px)\"><img decoding=\"async\" src=\"https:\/\/www.lesalouettes.com\/wp-content\/uploads\/2024\/09\/AdobeStock_15833454-420x420.jpg.webp\" width=\"420\" height=\"210\" loading=\"lazy\" alt=\"\" title=\"\"><\/picture><figcaption>Hiking<\/figcaption><\/figure><figure class=\"gallery__item\"><picture><source srcset=\"https:\/\/www.lesalouettes.com\/wp-content\/uploads\/2024\/09\/batch_AdobeStock_211093938-420x420.jpg.webp\" media=\"(max-width: 210px)\"><source srcset=\"https:\/\/www.lesalouettes.com\/wp-content\/uploads\/2024\/09\/batch_AdobeStock_211093938-850x567.jpg.webp\" media=\"(max-width: 420px)\"><source srcset=\"https:\/\/www.lesalouettes.com\/wp-content\/uploads\/2024\/09\/batch_AdobeStock_211093938-768x512.jpg.webp\" media=\"(max-width: 850px)\"><source srcset=\"https:\/\/www.lesalouettes.com\/wp-content\/uploads\/2024\/09\/batch_AdobeStock_211093938-1024x683.jpg.webp\" media=\"(max-width: 1024px)\"><source srcset=\"https:\/\/www.lesalouettes.com\/wp-content\/uploads\/2024\/09\/batch_AdobeStock_211093938.jpg.webp\" media=\"(min-width: 1025px)\"><img decoding=\"async\" src=\"https:\/\/www.lesalouettes.com\/wp-content\/uploads\/2024\/09\/batch_AdobeStock_211093938-420x420.jpg.webp\" width=\"420\" height=\"210\" loading=\"lazy\" alt=\"\" title=\"\"><\/picture><figcaption>In the family<\/figcaption><\/figure><figure class=\"gallery__item\"><picture><source srcset=\"https:\/\/www.lesalouettes.com\/wp-content\/uploads\/2024\/09\/AdobeStock_207411501-420x420.webp\" media=\"(max-width: 210px)\"><source srcset=\"https:\/\/www.lesalouettes.com\/wp-content\/uploads\/2024\/09\/AdobeStock_207411501-850x567.webp\" media=\"(max-width: 420px)\"><source srcset=\"https:\/\/www.lesalouettes.com\/wp-content\/uploads\/2024\/09\/AdobeStock_207411501-768x512.webp\" media=\"(max-width: 850px)\"><source srcset=\"https:\/\/www.lesalouettes.com\/wp-content\/uploads\/2024\/09\/AdobeStock_207411501-1024x683.webp\" media=\"(max-width: 1024px)\"><source srcset=\"https:\/\/www.lesalouettes.com\/wp-content\/uploads\/2024\/09\/AdobeStock_207411501.webp\" media=\"(min-width: 1025px)\"><img decoding=\"async\" src=\"https:\/\/www.lesalouettes.com\/wp-content\/uploads\/2024\/09\/AdobeStock_207411501-420x420.webp\" width=\"420\" height=\"210\" loading=\"lazy\" alt=\"\" title=\"\"><\/picture><figcaption>Close to the beach<\/figcaption><\/figure><figure class=\"gallery__item\"><picture><source srcset=\"https:\/\/www.lesalouettes.com\/wp-content\/uploads\/2024\/09\/batch_AdobeStock_86103103-420x420.jpg\" media=\"(max-width: 210px)\"><source srcset=\"https:\/\/www.lesalouettes.com\/wp-content\/uploads\/2024\/09\/batch_AdobeStock_86103103-850x567.jpg\" media=\"(max-width: 420px)\"><source srcset=\"https:\/\/www.lesalouettes.com\/wp-content\/uploads\/2024\/09\/batch_AdobeStock_86103103-768x512.jpg\" media=\"(max-width: 850px)\"><source srcset=\"https:\/\/www.lesalouettes.com\/wp-content\/uploads\/2024\/09\/batch_AdobeStock_86103103-1024x683.jpg\" media=\"(max-width: 1024px)\"><source srcset=\"https:\/\/www.lesalouettes.com\/wp-content\/uploads\/2024\/09\/batch_AdobeStock_86103103.jpg\" media=\"(min-width: 1025px)\"><img decoding=\"async\" src=\"https:\/\/www.lesalouettes.com\/wp-content\/uploads\/2024\/09\/batch_AdobeStock_86103103-420x420.jpg\" width=\"420\" height=\"210\" loading=\"lazy\" alt=\"\" title=\"\"><\/picture><figcaption>Walking tours<\/figcaption><\/figure><figure class=\"gallery__item\"><picture><source srcset=\"https:\/\/www.lesalouettes.com\/wp-content\/uploads\/2024\/09\/canoe-marais-givrand-420x420.webp\" media=\"(max-width: 210px)\"><source srcset=\"https:\/\/www.lesalouettes.com\/wp-content\/uploads\/2024\/09\/canoe-marais-givrand-850x569.webp\" media=\"(max-width: 420px)\"><source srcset=\"https:\/\/www.lesalouettes.com\/wp-content\/uploads\/2024\/09\/canoe-marais-givrand-768x514.webp\" media=\"(max-width: 850px)\"><source srcset=\"https:\/\/www.lesalouettes.com\/wp-content\/uploads\/2024\/09\/canoe-marais-givrand-1024x685.webp\" media=\"(max-width: 1024px)\"><source srcset=\"https:\/\/www.lesalouettes.com\/wp-content\/uploads\/2024\/09\/canoe-marais-givrand.webp\" media=\"(min-width: 1025px)\"><img decoding=\"async\" src=\"https:\/\/www.lesalouettes.com\/wp-content\/uploads\/2024\/09\/canoe-marais-givrand-420x420.webp\" width=\"420\" height=\"210\" loading=\"lazy\" alt=\"\" title=\"\"><\/picture><figcaption>Canoeing<\/figcaption><\/figure><figure class=\"gallery__item\"><picture><source srcset=\"https:\/\/www.lesalouettes.com\/wp-content\/uploads\/2024\/09\/AdobeStock_9198152.webp-1-420x420.png\" media=\"(max-width: 210px)\"><source srcset=\"https:\/\/www.lesalouettes.com\/wp-content\/uploads\/2024\/09\/AdobeStock_9198152.webp-1.png\" media=\"(max-width: 420px)\"><source srcset=\"https:\/\/www.lesalouettes.com\/wp-content\/uploads\/2024\/09\/AdobeStock_9198152.webp-1.png\" media=\"(max-width: 850px)\"><source srcset=\"https:\/\/www.lesalouettes.com\/wp-content\/uploads\/2024\/09\/AdobeStock_9198152.webp-1.png\" media=\"(max-width: 1024px)\"><source srcset=\"https:\/\/www.lesalouettes.com\/wp-content\/uploads\/2024\/09\/AdobeStock_9198152.webp-1.png\" media=\"(min-width: 1025px)\"><img decoding=\"async\" src=\"https:\/\/www.lesalouettes.com\/wp-content\/uploads\/2024\/09\/AdobeStock_9198152.webp-1-420x420.png\" width=\"420\" height=\"210\" loading=\"lazy\" alt=\"\" title=\"\"><\/picture><figcaption>Bike rides<\/figcaption><\/figure><figure class=\"gallery__item\"><picture><source srcset=\"https:\/\/www.lesalouettes.com\/wp-content\/uploads\/2024\/09\/017-camping-lesalouettes-1024x683-1-420x420.jpg.webp\" media=\"(max-width: 210px)\"><source srcset=\"https:\/\/www.lesalouettes.com\/wp-content\/uploads\/2024\/09\/017-camping-lesalouettes-1024x683-1-850x567.jpg.webp\" media=\"(max-width: 420px)\"><source srcset=\"https:\/\/www.lesalouettes.com\/wp-content\/uploads\/2024\/09\/017-camping-lesalouettes-1024x683-1-768x512.jpg.webp\" media=\"(max-width: 850px)\"><source srcset=\"https:\/\/www.lesalouettes.com\/wp-content\/uploads\/2024\/09\/017-camping-lesalouettes-1024x683-1.jpg.webp\" media=\"(max-width: 1024px)\"><source srcset=\"https:\/\/www.lesalouettes.com\/wp-content\/uploads\/2024\/09\/017-camping-lesalouettes-1024x683-1.jpg.webp\" media=\"(min-width: 1025px)\"><img decoding=\"async\" src=\"https:\/\/www.lesalouettes.com\/wp-content\/uploads\/2024\/09\/017-camping-lesalouettes-1024x683-1-420x420.jpg.webp\" width=\"420\" height=\"210\" loading=\"lazy\" alt=\"\" title=\"\"><\/picture><figcaption>Nautical activities<\/figcaption><\/figure><\/div>\n\n<h2 style=\"text-align: center;color: var(--bleu);\">Entertainment <span class=\"fc-span\">at the campsite in Vend\u00e9e<\/span><\/h2>\n\n<div class=\"columns\"><div class=\"columns__item\"><h3 class=\"h4\" style=\"color: var(--bleu);\">Daytime tournaments and entertainment<\/h3><p    >Enjoy a wide range of<strong>daytime activities<\/strong> at your<strong> 4-star campsite near St Gilles Croix de Vie<\/strong>.<\/p><div class=\"lireplus fc-mob\"><p    >Read more  <span class=\"fc-icon\"><svg xmlns=\"http:\/\/www.w3.org\/2000\/svg\"  viewBox=\"0 0 320 512\" width=\"16px\" height=\"16px\"><!--! Font Awesome Pro 6.4.2 by @fontawesome - https:\/\/fontawesome.com License - https:\/\/fontawesome.com\/license (Commercial License) Copyright 2023 Fonticons, Inc.--><path d=\"M137.4 374.6c12.5 12.5 32.8 12.5 45.3 0l128-128c9.2-9.2 11.9-22.9 6.9-34.9s-16.6-19.8-29.6-19.8L32 192c-12.9 0-24.6 7.8-29.6 19.8s-2.2 25.7 6.9 34.9l128 128z\"\/><\/svg><\/span><\/p><div class=\"group\"><p    >From the age of 12, put together your own team and sign up for a badminton, bowling, p\u00e9tanque or water games tournament. May the best team win! <\/p><p    >Several times a week, upon registration, our entertainer offers zumba, pilate (gentle gymnastics), body attack or an introduction to modern jazz dance.<\/p><p    >To round off these activity programs, we&#8217;ll be offering aperitif games every evening: atmosphere and good spirits guaranteed!<\/p><\/div><\/div><\/div><div class=\"columns__item\"><h3 class=\"h4\" style=\"color: var(--bleu);\">Evening entertainment<\/h3><p    >From July 5 to August 31, our entertainment team and professional service providers offer a wide range of free activities to make your evenings unforgettable.  <\/p><ul><li><strong>Dance floor evenings<\/strong>, every Sunday evening from 9pm: 80s vibe to today, white party, Latino theme, &#8230;<\/li><li><strong>Mussels and French fries evening with free concert<\/strong>: organized every Tuesday evening<\/li><li><strong>Evening shows<\/strong>: organized every Thursday evening<\/li><li><strong>Lotto evening<\/strong>: come and win lots of prizes!<\/li><li><strong>Mon camping a un incroyable talent<\/strong>: every Friday<\/li><li><strong>Karaoke evenings<\/strong>: one night a week throughout the summer.<\/li><\/ul><div class=\"lireplus fc-desk\"><p    >Read more  <span class=\"fc-icon\"><svg xmlns=\"http:\/\/www.w3.org\/2000\/svg\"  viewBox=\"0 0 320 512\" width=\"16px\" height=\"16px\"><!--! Font Awesome Pro 6.4.2 by @fontawesome - https:\/\/fontawesome.com License - https:\/\/fontawesome.com\/license (Commercial License) Copyright 2023 Fonticons, Inc.--><path d=\"M137.4 374.6c12.5 12.5 32.8 12.5 45.3 0l128-128c9.2-9.2 11.9-22.9 6.9-34.9s-16.6-19.8-29.6-19.8L32 192c-12.9 0-24.6 7.8-29.6 19.8s-2.2 25.7 6.9 34.9l128 128z\"\/><\/svg><\/span><\/p><div class=\"group\"><h3 class=\"p\">Imitations, humorist, show :<\/h3><ul><li>Our <strong>mentalist magicians<\/strong> will help you escape.<\/li><li>Throughout the season, <strong>bands<\/strong> are also available to liven up your evenings.<\/li><\/ul><\/div><\/div><\/div><\/div>","protected":false},"excerpt":{"rendered":"<p>Activities for everyone Leisure activities and entertainment at the Bretignolles sur Mer campsite Activities at our 4-star campsite in Vend\u00e9e Between Les Sables d&#8217;Olonne and Saint Gilles Croix de Vie, our 4-star campsite in the Vend\u00e9e, at Br\u00e9tignolles sur mer, has everything to seduce you. Children&#8217;s mini-club The mini-club or kids&#8217; club for children aged [&hellip;]<\/p>\n","protected":false},"author":1,"featured_media":0,"parent":0,"menu_order":0,"comment_status":"open","ping_status":"open","template":"","meta":{"_acf_changed":false,"footnotes":""},"acf":[],"_links":{"self":[{"href":"https:\/\/www.lesalouettes.com\/en\/wp-json\/wp\/v2\/pages\/1361"}],"collection":[{"href":"https:\/\/www.lesalouettes.com\/en\/wp-json\/wp\/v2\/pages"}],"about":[{"href":"https:\/\/www.lesalouettes.com\/en\/wp-json\/wp\/v2\/types\/page"}],"author":[{"embeddable":true,"href":"https:\/\/www.lesalouettes.com\/en\/wp-json\/wp\/v2\/users\/1"}],"replies":[{"embeddable":true,"href":"https:\/\/www.lesalouettes.com\/en\/wp-json\/wp\/v2\/comments?post=1361"}],"version-history":[{"count":5,"href":"https:\/\/www.lesalouettes.com\/en\/wp-json\/wp\/v2\/pages\/1361\/revisions"}],"predecessor-version":[{"id":3164,"href":"https:\/\/www.lesalouettes.com\/en\/wp-json\/wp\/v2\/pages\/1361\/revisions\/3164"}],"wp:attachment":[{"href":"https:\/\/www.lesalouettes.com\/en\/wp-json\/wp\/v2\/media?parent=1361"}],"curies":[{"name":"wp","href":"https:\/\/api.w.org\/{rel}","templated":true}]}}